{"id":80,"date":"2020-06-03T07:59:57","date_gmt":"2020-06-03T07:59:57","guid":{"rendered":"https:\/\/xn--militrspiel-bern-znb.ch\/wordpress\/?page_id=80"},"modified":"2026-01-28T08:19:45","modified_gmt":"2026-01-28T07:19:45","slug":"kontakte","status":"publish","type":"page","link":"https:\/\/xn--militrspiel-bern-znb.ch\/wordpress\/index.php\/kontakte\/","title":{"rendered":"Kontakte"},"content":{"rendered":"\n<figure class=\"wp-block-table is-style-regular\"><table><tbody><tr><td>Pr\u00e4sident<br>Martin Stotzer<\/td><\/tr><tr><td>Spielf\u00fchrer<br>Erich Egger<\/td><\/tr><tr><td>Vizespielf\u00fchrer<br>Urs Zimmermann<\/td><\/tr><tr><td><a href=\"https:\/\/xn--militrspiel-bern-znb.ch\/wordpress\/index.php\/kontakte\/kontakt\/\">allgemeiner Kontakt<\/a><\/td><\/tr><\/tbody><\/table><\/figure>\n\n\n\n<p class=\"wp-block-paragraph\"><\/p>\n","protected":false},"excerpt":{"rendered":"<p>Pr\u00e4sidentMartin Stotzer Spielf\u00fchrerErich Egger Vizespielf\u00fchrerUrs Zimmermann allgemeiner Kontakt<\/p>\n","protected":false},"author":1,"featured_media":0,"parent":0,"menu_order":0,"comment_status":"closed","ping_status":"closed","template":"","meta":{"_crdt_document":"","footnotes":""},"class_list":["post-80","page","type-page","status-publish","hentry"],"yoast_head":"<!-- This site is optimized with the Yoast SEO plugin v27.4 - https:\/\/yoast.com\/product\/yoast-seo-wordpress\/ -->\n<title>Kontakte - Milit\u00e4rspiel Bern<\/title>\n<meta name=\"description\" content=\"Platzkonzerte Besuchstage Milit\u00e4r Blasmusik Unterhaltungsmusik Milit\u00e4rmusik. Das Milit\u00e4rspiel Bern musiziert an verschiedenen Anl\u00e4ssen im speziellen in milit\u00e4rischem Zusammenhang.\" \/>\n<meta name=\"robots\" content=\"index, follow, max-snippet:-1, max-image-preview:large, max-video-preview:-1\" \/>\n<link rel=\"canonical\" href=\"https:\/\/xn--militrspiel-bern-znb.ch\/wordpress\/index.php\/kontakte\/\" \/>\n<meta property=\"og:locale\" content=\"de_DE\" \/>\n<meta property=\"og:type\" content=\"article\" \/>\n<meta property=\"og:title\" content=\"Kontakte - Milit\u00e4rspiel Bern\" \/>\n<meta property=\"og:description\" content=\"Platzkonzerte Besuchstage Milit\u00e4r Blasmusik Unterhaltungsmusik Milit\u00e4rmusik. Das Milit\u00e4rspiel Bern musiziert an verschiedenen Anl\u00e4ssen im speziellen in milit\u00e4rischem Zusammenhang.\" \/>\n<meta property=\"og:url\" content=\"https:\/\/xn--militrspiel-bern-znb.ch\/wordpress\/index.php\/kontakte\/\" \/>\n<meta property=\"og:site_name\" content=\"Milit\u00e4rspiel Bern\" \/>\n<meta property=\"article:modified_time\" content=\"2026-01-28T07:19:45+00:00\" \/>\n<meta name=\"twitter:card\" content=\"summary_large_image\" \/>\n<meta name=\"twitter:label1\" content=\"Gesch\u00e4tzte Lesezeit\" \/>\n\t<meta name=\"twitter:data1\" content=\"1\u00a0Minute\" \/>\n<script type=\"application\/ld+json\" class=\"yoast-schema-graph\">{\"@context\":\"https:\\\/\\\/schema.org\",\"@graph\":[{\"@type\":\"WebPage\",\"@id\":\"https:\\\/\\\/xn--militrspiel-bern-znb.ch\\\/wordpress\\\/index.php\\\/kontakte\\\/\",\"url\":\"https:\\\/\\\/xn--militrspiel-bern-znb.ch\\\/wordpress\\\/index.php\\\/kontakte\\\/\",\"name\":\"Kontakte - Milit\u00e4rspiel Bern\",\"isPartOf\":{\"@id\":\"https:\\\/\\\/xn--militrspiel-bern-znb.ch\\\/wordpress\\\/#website\"},\"datePublished\":\"2020-06-03T07:59:57+00:00\",\"dateModified\":\"2026-01-28T07:19:45+00:00\",\"description\":\"Platzkonzerte Besuchstage Milit\u00e4r Blasmusik Unterhaltungsmusik Milit\u00e4rmusik. Das Milit\u00e4rspiel Bern musiziert an verschiedenen Anl\u00e4ssen im speziellen in milit\u00e4rischem Zusammenhang.\",\"breadcrumb\":{\"@id\":\"https:\\\/\\\/xn--militrspiel-bern-znb.ch\\\/wordpress\\\/index.php\\\/kontakte\\\/#breadcrumb\"},\"inLanguage\":\"de-CH\",\"potentialAction\":[{\"@type\":\"ReadAction\",\"target\":[\"https:\\\/\\\/xn--militrspiel-bern-znb.ch\\\/wordpress\\\/index.php\\\/kontakte\\\/\"]}]},{\"@type\":\"BreadcrumbList\",\"@id\":\"https:\\\/\\\/xn--militrspiel-bern-znb.ch\\\/wordpress\\\/index.php\\\/kontakte\\\/#breadcrumb\",\"itemListElement\":[{\"@type\":\"ListItem\",\"position\":1,\"name\":\"Home\",\"item\":\"https:\\\/\\\/xn--militrspiel-bern-znb.ch\\\/wordpress\\\/\"},{\"@type\":\"ListItem\",\"position\":2,\"name\":\"Kontakte\"}]},{\"@type\":\"WebSite\",\"@id\":\"https:\\\/\\\/xn--militrspiel-bern-znb.ch\\\/wordpress\\\/#website\",\"url\":\"https:\\\/\\\/xn--militrspiel-bern-znb.ch\\\/wordpress\\\/\",\"name\":\"Milit\u00e4rspiel Bern\",\"description\":\"\",\"publisher\":{\"@id\":\"https:\\\/\\\/xn--militrspiel-bern-znb.ch\\\/wordpress\\\/#organization\"},\"potentialAction\":[{\"@type\":\"SearchAction\",\"target\":{\"@type\":\"EntryPoint\",\"urlTemplate\":\"https:\\\/\\\/xn--militrspiel-bern-znb.ch\\\/wordpress\\\/?s={search_term_string}\"},\"query-input\":{\"@type\":\"PropertyValueSpecification\",\"valueRequired\":true,\"valueName\":\"search_term_string\"}}],\"inLanguage\":\"de-CH\"},{\"@type\":\"Organization\",\"@id\":\"https:\\\/\\\/xn--militrspiel-bern-znb.ch\\\/wordpress\\\/#organization\",\"name\":\"Milit\u00e4rspiel Bern\",\"url\":\"https:\\\/\\\/xn--militrspiel-bern-znb.ch\\\/wordpress\\\/\",\"logo\":{\"@type\":\"ImageObject\",\"inLanguage\":\"de-CH\",\"@id\":\"https:\\\/\\\/xn--militrspiel-bern-znb.ch\\\/wordpress\\\/#\\\/schema\\\/logo\\\/image\\\/\",\"url\":\"https:\\\/\\\/xn--militrspiel-bern-znb.ch\\\/wordpress\\\/wp-content\\\/uploads\\\/2020\\\/06\\\/cropped-logo-farbig-1.jpg\",\"contentUrl\":\"https:\\\/\\\/xn--militrspiel-bern-znb.ch\\\/wordpress\\\/wp-content\\\/uploads\\\/2020\\\/06\\\/cropped-logo-farbig-1.jpg\",\"width\":213,\"height\":250,\"caption\":\"Milit\u00e4rspiel Bern\"},\"image\":{\"@id\":\"https:\\\/\\\/xn--militrspiel-bern-znb.ch\\\/wordpress\\\/#\\\/schema\\\/logo\\\/image\\\/\"}}]}<\/script>\n<!-- \/ Yoast SEO plugin. -->","yoast_head_json":{"title":"Kontakte - Milit\u00e4rspiel Bern","description":"Platzkonzerte Besuchstage Milit\u00e4r Blasmusik Unterhaltungsmusik Milit\u00e4rmusik. Das Milit\u00e4rspiel Bern musiziert an verschiedenen Anl\u00e4ssen im speziellen in milit\u00e4rischem Zusammenhang.","robots":{"index":"index","follow":"follow","max-snippet":"max-snippet:-1","max-image-preview":"max-image-preview:large","max-video-preview":"max-video-preview:-1"},"canonical":"https:\/\/xn--militrspiel-bern-znb.ch\/wordpress\/index.php\/kontakte\/","og_locale":"de_DE","og_type":"article","og_title":"Kontakte - Milit\u00e4rspiel Bern","og_description":"Platzkonzerte Besuchstage Milit\u00e4r Blasmusik Unterhaltungsmusik Milit\u00e4rmusik. Das Milit\u00e4rspiel Bern musiziert an verschiedenen Anl\u00e4ssen im speziellen in milit\u00e4rischem Zusammenhang.","og_url":"https:\/\/xn--militrspiel-bern-znb.ch\/wordpress\/index.php\/kontakte\/","og_site_name":"Milit\u00e4rspiel Bern","article_modified_time":"2026-01-28T07:19:45+00:00","twitter_card":"summary_large_image","twitter_misc":{"Gesch\u00e4tzte Lesezeit":"1\u00a0Minute"},"schema":{"@context":"https:\/\/schema.org","@graph":[{"@type":"WebPage","@id":"https:\/\/xn--militrspiel-bern-znb.ch\/wordpress\/index.php\/kontakte\/","url":"https:\/\/xn--militrspiel-bern-znb.ch\/wordpress\/index.php\/kontakte\/","name":"Kontakte - Milit\u00e4rspiel Bern","isPartOf":{"@id":"https:\/\/xn--militrspiel-bern-znb.ch\/wordpress\/#website"},"datePublished":"2020-06-03T07:59:57+00:00","dateModified":"2026-01-28T07:19:45+00:00","description":"Platzkonzerte Besuchstage Milit\u00e4r Blasmusik Unterhaltungsmusik Milit\u00e4rmusik. Das Milit\u00e4rspiel Bern musiziert an verschiedenen Anl\u00e4ssen im speziellen in milit\u00e4rischem Zusammenhang.","breadcrumb":{"@id":"https:\/\/xn--militrspiel-bern-znb.ch\/wordpress\/index.php\/kontakte\/#breadcrumb"},"inLanguage":"de-CH","potentialAction":[{"@type":"ReadAction","target":["https:\/\/xn--militrspiel-bern-znb.ch\/wordpress\/index.php\/kontakte\/"]}]},{"@type":"BreadcrumbList","@id":"https:\/\/xn--militrspiel-bern-znb.ch\/wordpress\/index.php\/kontakte\/#breadcrumb","itemListElement":[{"@type":"ListItem","position":1,"name":"Home","item":"https:\/\/xn--militrspiel-bern-znb.ch\/wordpress\/"},{"@type":"ListItem","position":2,"name":"Kontakte"}]},{"@type":"WebSite","@id":"https:\/\/xn--militrspiel-bern-znb.ch\/wordpress\/#website","url":"https:\/\/xn--militrspiel-bern-znb.ch\/wordpress\/","name":"Milit\u00e4rspiel Bern","description":"","publisher":{"@id":"https:\/\/xn--militrspiel-bern-znb.ch\/wordpress\/#organization"},"potentialAction":[{"@type":"SearchAction","target":{"@type":"EntryPoint","urlTemplate":"https:\/\/xn--militrspiel-bern-znb.ch\/wordpress\/?s={search_term_string}"},"query-input":{"@type":"PropertyValueSpecification","valueRequired":true,"valueName":"search_term_string"}}],"inLanguage":"de-CH"},{"@type":"Organization","@id":"https:\/\/xn--militrspiel-bern-znb.ch\/wordpress\/#organization","name":"Milit\u00e4rspiel Bern","url":"https:\/\/xn--militrspiel-bern-znb.ch\/wordpress\/","logo":{"@type":"ImageObject","inLanguage":"de-CH","@id":"https:\/\/xn--militrspiel-bern-znb.ch\/wordpress\/#\/schema\/logo\/image\/","url":"https:\/\/xn--militrspiel-bern-znb.ch\/wordpress\/wp-content\/uploads\/2020\/06\/cropped-logo-farbig-1.jpg","contentUrl":"https:\/\/xn--militrspiel-bern-znb.ch\/wordpress\/wp-content\/uploads\/2020\/06\/cropped-logo-farbig-1.jpg","width":213,"height":250,"caption":"Milit\u00e4rspiel Bern"},"image":{"@id":"https:\/\/xn--militrspiel-bern-znb.ch\/wordpress\/#\/schema\/logo\/image\/"}}]}},"_links":{"self":[{"href":"https:\/\/xn--militrspiel-bern-znb.ch\/wordpress\/index.php\/wp-json\/wp\/v2\/pages\/80","targetHints":{"allow":["GET"]}}],"collection":[{"href":"https:\/\/xn--militrspiel-bern-znb.ch\/wordpress\/index.php\/wp-json\/wp\/v2\/pages"}],"about":[{"href":"https:\/\/xn--militrspiel-bern-znb.ch\/wordpress\/index.php\/wp-json\/wp\/v2\/types\/page"}],"author":[{"embeddable":true,"href":"https:\/\/xn--militrspiel-bern-znb.ch\/wordpress\/index.php\/wp-json\/wp\/v2\/users\/1"}],"replies":[{"embeddable":true,"href":"https:\/\/xn--militrspiel-bern-znb.ch\/wordpress\/index.php\/wp-json\/wp\/v2\/comments?post=80"}],"version-history":[{"count":24,"href":"https:\/\/xn--militrspiel-bern-znb.ch\/wordpress\/index.php\/wp-json\/wp\/v2\/pages\/80\/revisions"}],"predecessor-version":[{"id":24189,"href":"https:\/\/xn--militrspiel-bern-znb.ch\/wordpress\/index.php\/wp-json\/wp\/v2\/pages\/80\/revisions\/24189"}],"wp:attachment":[{"href":"https:\/\/xn--militrspiel-bern-znb.ch\/wordpress\/index.php\/wp-json\/wp\/v2\/media?parent=80"}],"curies":[{"name":"wp","href":"https:\/\/api.w.org\/{rel}","templated":true}]}}