{"id":566,"date":"2020-06-05T08:46:04","date_gmt":"2020-06-05T07:46:04","guid":{"rendered":"https:\/\/xn--militrspiel-bern-znb.ch\/wordpress\/?page_id=566"},"modified":"2026-03-17T10:11:53","modified_gmt":"2026-03-17T09:11:53","slug":"aktuelles","status":"publish","type":"page","link":"https:\/\/xn--militrspiel-bern-znb.ch\/wordpress\/","title":{"rendered":"Aktuelles"},"content":{"rendered":"\n<div class=\"wp-block-group\"><div class=\"wp-block-group__inner-container is-layout-constrained wp-block-group-is-layout-constrained\">\n<figure class=\"wp-block-table\"><table><tbody><tr><td>N\u00e4chste Probe<\/td><td>26.03.2026<\/td><td>1900<br>2000<\/td><td>Spez-Probe grosse Instrumente<br>Gesamtprobe<\/td><\/tr><tr><td>N\u00e4chster Auftritt<\/td><td>12.6.2026<\/td><td><\/td><td>Bef\u00f6rderungsfeier MP UOS 19, H\u00e9r\u00e9mence VS<\/td><\/tr><\/tbody><\/table><\/figure>\n<\/div><\/div>\n\n\n\n<h3 class=\"wp-block-heading\"><a href=\"https:\/\/xn--militrspiel-bern-znb.ch\/wordpress\/wp-content\/uploads\/2025\/02\/Noten-202501.pdf\" target=\"_blank\" rel=\"noreferrer noopener\"><strong>Aktuelle Noten<\/strong><\/a><\/h3>\n\n\n\n<p class=\"wp-block-paragraph\"><strong>Mitgliederwerbung<\/strong><\/p>\n\n\n\n<p class=\"wp-block-paragraph\">Neue Mitglieder sind herzlich willkommen.<br>Bitte melden Sie sich bei<\/p>\n\n\n\n<p class=\"wp-block-paragraph\">Brigitte Klopp<br>079 334 58 35<\/p>\n","protected":false},"excerpt":{"rendered":"<p>N\u00e4chste Probe 26.03.2026 19002000 Spez-Probe grosse InstrumenteGesamtprobe N\u00e4chster Auftritt 12.6.2026 Bef\u00f6rderungsfeier MP UOS 19, H\u00e9r\u00e9mence VS Aktuelle Noten Mitgliederwerbung Neue Mitglieder sind herzlich willkommen.Bitte melden Sie sich bei Brigitte Klopp079 334 58 35<\/p>\n","protected":false},"author":1,"featured_media":0,"parent":0,"menu_order":0,"comment_status":"closed","ping_status":"closed","template":"","meta":{"_crdt_document":"","footnotes":""},"class_list":["post-566","page","type-page","status-publish","hentry"],"yoast_head":"<!-- This site is optimized with the Yoast SEO plugin v27.5 - https:\/\/yoast.com\/product\/yoast-seo-wordpress\/ -->\n<title>Aktuelles - Milit\u00e4rspiel Bern<\/title>\n<meta name=\"description\" content=\"Platzkonzerte Besuchstage Milit\u00e4r Blasmusik Unterhaltungsmusik Milit\u00e4rmusik. Das Milit\u00e4rspiel Bern musiziert an verschiedenen Anl\u00e4ssen im speziellen in milit\u00e4rischem Zusammenhang.\" \/>\n<meta name=\"robots\" content=\"index, follow, max-snippet:-1, max-image-preview:large, max-video-preview:-1\" \/>\n<link rel=\"canonical\" href=\"https:\/\/xn--militrspiel-bern-znb.ch\/wordpress\/\" \/>\n<meta property=\"og:locale\" content=\"de_DE\" \/>\n<meta property=\"og:type\" content=\"article\" \/>\n<meta property=\"og:title\" content=\"Aktuelles - Milit\u00e4rspiel Bern\" \/>\n<meta property=\"og:description\" content=\"Platzkonzerte Besuchstage Milit\u00e4r Blasmusik Unterhaltungsmusik Milit\u00e4rmusik. Das Milit\u00e4rspiel Bern musiziert an verschiedenen Anl\u00e4ssen im speziellen in milit\u00e4rischem Zusammenhang.\" \/>\n<meta property=\"og:url\" content=\"https:\/\/xn--militrspiel-bern-znb.ch\/wordpress\/\" \/>\n<meta property=\"og:site_name\" content=\"Milit\u00e4rspiel Bern\" \/>\n<meta property=\"article:modified_time\" content=\"2026-03-17T09:11:53+00:00\" \/>\n<meta name=\"twitter:card\" content=\"summary_large_image\" \/>\n<meta name=\"twitter:label1\" content=\"Gesch\u00e4tzte Lesezeit\" \/>\n\t<meta name=\"twitter:data1\" content=\"1\u00a0Minute\" \/>\n<script type=\"application\/ld+json\" class=\"yoast-schema-graph\">{\"@context\":\"https:\\\/\\\/schema.org\",\"@graph\":[{\"@type\":\"WebPage\",\"@id\":\"https:\\\/\\\/xn--militrspiel-bern-znb.ch\\\/wordpress\\\/\",\"url\":\"https:\\\/\\\/xn--militrspiel-bern-znb.ch\\\/wordpress\\\/\",\"name\":\"Aktuelles - Milit\u00e4rspiel Bern\",\"isPartOf\":{\"@id\":\"https:\\\/\\\/xn--militrspiel-bern-znb.ch\\\/wordpress\\\/#website\"},\"datePublished\":\"2020-06-05T07:46:04+00:00\",\"dateModified\":\"2026-03-17T09:11:53+00:00\",\"description\":\"Platzkonzerte Besuchstage Milit\u00e4r Blasmusik Unterhaltungsmusik Milit\u00e4rmusik. Das Milit\u00e4rspiel Bern musiziert an verschiedenen Anl\u00e4ssen im speziellen in milit\u00e4rischem Zusammenhang.\",\"breadcrumb\":{\"@id\":\"https:\\\/\\\/xn--militrspiel-bern-znb.ch\\\/wordpress\\\/#breadcrumb\"},\"inLanguage\":\"de-CH\",\"potentialAction\":[{\"@type\":\"ReadAction\",\"target\":[\"https:\\\/\\\/xn--militrspiel-bern-znb.ch\\\/wordpress\\\/\"]}]},{\"@type\":\"BreadcrumbList\",\"@id\":\"https:\\\/\\\/xn--militrspiel-bern-znb.ch\\\/wordpress\\\/#breadcrumb\",\"itemListElement\":[{\"@type\":\"ListItem\",\"position\":1,\"name\":\"Home\",\"item\":\"https:\\\/\\\/xn--militrspiel-bern-znb.ch\\\/wordpress\\\/\"},{\"@type\":\"ListItem\",\"position\":2,\"name\":\"Aktuelles\"}]},{\"@type\":\"WebSite\",\"@id\":\"https:\\\/\\\/xn--militrspiel-bern-znb.ch\\\/wordpress\\\/#website\",\"url\":\"https:\\\/\\\/xn--militrspiel-bern-znb.ch\\\/wordpress\\\/\",\"name\":\"Milit\u00e4rspiel Bern\",\"description\":\"\",\"publisher\":{\"@id\":\"https:\\\/\\\/xn--militrspiel-bern-znb.ch\\\/wordpress\\\/#organization\"},\"potentialAction\":[{\"@type\":\"SearchAction\",\"target\":{\"@type\":\"EntryPoint\",\"urlTemplate\":\"https:\\\/\\\/xn--militrspiel-bern-znb.ch\\\/wordpress\\\/?s={search_term_string}\"},\"query-input\":{\"@type\":\"PropertyValueSpecification\",\"valueRequired\":true,\"valueName\":\"search_term_string\"}}],\"inLanguage\":\"de-CH\"},{\"@type\":\"Organization\",\"@id\":\"https:\\\/\\\/xn--militrspiel-bern-znb.ch\\\/wordpress\\\/#organization\",\"name\":\"Milit\u00e4rspiel Bern\",\"url\":\"https:\\\/\\\/xn--militrspiel-bern-znb.ch\\\/wordpress\\\/\",\"logo\":{\"@type\":\"ImageObject\",\"inLanguage\":\"de-CH\",\"@id\":\"https:\\\/\\\/xn--militrspiel-bern-znb.ch\\\/wordpress\\\/#\\\/schema\\\/logo\\\/image\\\/\",\"url\":\"https:\\\/\\\/xn--militrspiel-bern-znb.ch\\\/wordpress\\\/wp-content\\\/uploads\\\/2020\\\/06\\\/cropped-logo-farbig-1.jpg\",\"contentUrl\":\"https:\\\/\\\/xn--militrspiel-bern-znb.ch\\\/wordpress\\\/wp-content\\\/uploads\\\/2020\\\/06\\\/cropped-logo-farbig-1.jpg\",\"width\":213,\"height\":250,\"caption\":\"Milit\u00e4rspiel Bern\"},\"image\":{\"@id\":\"https:\\\/\\\/xn--militrspiel-bern-znb.ch\\\/wordpress\\\/#\\\/schema\\\/logo\\\/image\\\/\"}}]}<\/script>\n<!-- \/ Yoast SEO plugin. -->","yoast_head_json":{"title":"Aktuelles - Milit\u00e4rspiel Bern","description":"Platzkonzerte Besuchstage Milit\u00e4r Blasmusik Unterhaltungsmusik Milit\u00e4rmusik. Das Milit\u00e4rspiel Bern musiziert an verschiedenen Anl\u00e4ssen im speziellen in milit\u00e4rischem Zusammenhang.","robots":{"index":"index","follow":"follow","max-snippet":"max-snippet:-1","max-image-preview":"max-image-preview:large","max-video-preview":"max-video-preview:-1"},"canonical":"https:\/\/xn--militrspiel-bern-znb.ch\/wordpress\/","og_locale":"de_DE","og_type":"article","og_title":"Aktuelles - Milit\u00e4rspiel Bern","og_description":"Platzkonzerte Besuchstage Milit\u00e4r Blasmusik Unterhaltungsmusik Milit\u00e4rmusik. Das Milit\u00e4rspiel Bern musiziert an verschiedenen Anl\u00e4ssen im speziellen in milit\u00e4rischem Zusammenhang.","og_url":"https:\/\/xn--militrspiel-bern-znb.ch\/wordpress\/","og_site_name":"Milit\u00e4rspiel Bern","article_modified_time":"2026-03-17T09:11:53+00:00","twitter_card":"summary_large_image","twitter_misc":{"Gesch\u00e4tzte Lesezeit":"1\u00a0Minute"},"schema":{"@context":"https:\/\/schema.org","@graph":[{"@type":"WebPage","@id":"https:\/\/xn--militrspiel-bern-znb.ch\/wordpress\/","url":"https:\/\/xn--militrspiel-bern-znb.ch\/wordpress\/","name":"Aktuelles - Milit\u00e4rspiel Bern","isPartOf":{"@id":"https:\/\/xn--militrspiel-bern-znb.ch\/wordpress\/#website"},"datePublished":"2020-06-05T07:46:04+00:00","dateModified":"2026-03-17T09:11:53+00:00","description":"Platzkonzerte Besuchstage Milit\u00e4r Blasmusik Unterhaltungsmusik Milit\u00e4rmusik. Das Milit\u00e4rspiel Bern musiziert an verschiedenen Anl\u00e4ssen im speziellen in milit\u00e4rischem Zusammenhang.","breadcrumb":{"@id":"https:\/\/xn--militrspiel-bern-znb.ch\/wordpress\/#breadcrumb"},"inLanguage":"de-CH","potentialAction":[{"@type":"ReadAction","target":["https:\/\/xn--militrspiel-bern-znb.ch\/wordpress\/"]}]},{"@type":"BreadcrumbList","@id":"https:\/\/xn--militrspiel-bern-znb.ch\/wordpress\/#breadcrumb","itemListElement":[{"@type":"ListItem","position":1,"name":"Home","item":"https:\/\/xn--militrspiel-bern-znb.ch\/wordpress\/"},{"@type":"ListItem","position":2,"name":"Aktuelles"}]},{"@type":"WebSite","@id":"https:\/\/xn--militrspiel-bern-znb.ch\/wordpress\/#website","url":"https:\/\/xn--militrspiel-bern-znb.ch\/wordpress\/","name":"Milit\u00e4rspiel Bern","description":"","publisher":{"@id":"https:\/\/xn--militrspiel-bern-znb.ch\/wordpress\/#organization"},"potentialAction":[{"@type":"SearchAction","target":{"@type":"EntryPoint","urlTemplate":"https:\/\/xn--militrspiel-bern-znb.ch\/wordpress\/?s={search_term_string}"},"query-input":{"@type":"PropertyValueSpecification","valueRequired":true,"valueName":"search_term_string"}}],"inLanguage":"de-CH"},{"@type":"Organization","@id":"https:\/\/xn--militrspiel-bern-znb.ch\/wordpress\/#organization","name":"Milit\u00e4rspiel Bern","url":"https:\/\/xn--militrspiel-bern-znb.ch\/wordpress\/","logo":{"@type":"ImageObject","inLanguage":"de-CH","@id":"https:\/\/xn--militrspiel-bern-znb.ch\/wordpress\/#\/schema\/logo\/image\/","url":"https:\/\/xn--militrspiel-bern-znb.ch\/wordpress\/wp-content\/uploads\/2020\/06\/cropped-logo-farbig-1.jpg","contentUrl":"https:\/\/xn--militrspiel-bern-znb.ch\/wordpress\/wp-content\/uploads\/2020\/06\/cropped-logo-farbig-1.jpg","width":213,"height":250,"caption":"Milit\u00e4rspiel Bern"},"image":{"@id":"https:\/\/xn--militrspiel-bern-znb.ch\/wordpress\/#\/schema\/logo\/image\/"}}]}},"_links":{"self":[{"href":"https:\/\/xn--militrspiel-bern-znb.ch\/wordpress\/index.php\/wp-json\/wp\/v2\/pages\/566","targetHints":{"allow":["GET"]}}],"collection":[{"href":"https:\/\/xn--militrspiel-bern-znb.ch\/wordpress\/index.php\/wp-json\/wp\/v2\/pages"}],"about":[{"href":"https:\/\/xn--militrspiel-bern-znb.ch\/wordpress\/index.php\/wp-json\/wp\/v2\/types\/page"}],"author":[{"embeddable":true,"href":"https:\/\/xn--militrspiel-bern-znb.ch\/wordpress\/index.php\/wp-json\/wp\/v2\/users\/1"}],"replies":[{"embeddable":true,"href":"https:\/\/xn--militrspiel-bern-znb.ch\/wordpress\/index.php\/wp-json\/wp\/v2\/comments?post=566"}],"version-history":[{"count":125,"href":"https:\/\/xn--militrspiel-bern-znb.ch\/wordpress\/index.php\/wp-json\/wp\/v2\/pages\/566\/revisions"}],"predecessor-version":[{"id":24214,"href":"https:\/\/xn--militrspiel-bern-znb.ch\/wordpress\/index.php\/wp-json\/wp\/v2\/pages\/566\/revisions\/24214"}],"wp:attachment":[{"href":"https:\/\/xn--militrspiel-bern-znb.ch\/wordpress\/index.php\/wp-json\/wp\/v2\/media?parent=566"}],"curies":[{"name":"wp","href":"https:\/\/api.w.org\/{rel}","templated":true}]}}